{"id":50,"date":"2022-04-13T14:14:58","date_gmt":"2022-04-13T14:14:58","guid":{"rendered":"https:\/\/stephenasunka.info\/mysite\/?page_id=50"},"modified":"2023-02-07T17:41:41","modified_gmt":"2023-02-07T17:41:41","slug":"publications","status":"publish","type":"page","link":"https:\/\/stephenasunka.info\/mysite\/publications\/","title":{"rendered":"Publications"},"content":{"rendered":"\n\n\t<h2><strong>Publications<\/strong><\/h2>\n\t<h5><strong>\u00a0 Articles in Refereed Journals<\/strong><\/h5>\n<ol>\n<li>Agyekum, P. K., Kumar, K. S., &amp; <strong>Asunka, S<\/strong>. (2022). Evaluating Higher Education Curriculum Framework and Inhibitions for Entrepreneurial Intentions.<a href=\"https:\/\/articlegateway.com\/index.php\/JHETP\/article\/view\/5509\"><em> Journal of Higher Education Theory and Practice<\/em>, 22(13).<\/a> https:\/\/doi.org\/10.33423\/jhetp.v22i13.5509<\/li>\n<li>Tabiri, M.O., Jones-Mensah, I., Fenyi, D.A., &amp; <strong>Asunka, S<\/strong>. (2022). Challenges of online learning of English\/French language in higher education in Ghana. <a href=\"http:\/\/www.jlls.org\/index.php\/jlls\/article\/view\/3076\"><em>Journal of Language and Linguistic Studies<\/em><\/a>, 18(1), 207-222.<\/li>\n<li>Agyekum, P.K, Sharath Kumar, K.M, &amp; <strong>Asunka, S. <\/strong>(2020). Assessment of the traits which transform the orientation of students and faculty members that impact their entrepreneurial intentions.<a href=\"https:\/\/ajmjournal.com\/AbstractView.aspx?PID=2020-11-4-3\"> <em>Asian Journal of Management.<\/em> 11(4): 379-388<\/a>.<\/li>\n<li>Agyekum, P.K, Sharath Kumar, K.M, &amp; <strong>Asunka, S. <\/strong>(2020). Analysis of entrepreneurial intentions within the existing university system in Ghana,<a href=\"http:\/\/www.msruas.ac.in\/pdf_files\/Publications\/MCJournals\/August2020\/Paper1.pdf\"><em> Journal of Management &amp; Commerce<\/em>. 6(2), 1-5<\/a>.<\/li>\n<li><strong>Asunka, S.<\/strong>\u00a0(2017). &#8220;We Had A Blast!&#8221; An empirical affirmation of blended learning as the preferred learning mode for adult learners.<br \/>\n<em><a href=\"https:\/\/www.igi-global.com\/article\/we-had-a-blast\/182303\" target=\"_blank\" rel=\"noreferrer noopener\" aria-label=\"International Journal of Mobile &amp; Blended Learning (IJMBL). 9(3), 37-53 (opens in a new tab)\">International Journal of Mobile &amp; Blended Learning (IJMBL). <\/a><\/em><a href=\"https:\/\/www.igi-global.com\/article\/we-had-a-blast\/182303\" target=\"_blank\" rel=\"noreferrer noopener\" aria-label=\"International Journal of Mobile &amp; Blended Learning (IJMBL). 9(3), 37-53 (opens in a new tab)\">9(3), 37-53<\/a><\/li>\n<li><strong>Asunka, S.\u00a0<\/strong>(2016). Are we there yet? An exploratory predictive study of instructor acceptance of an educational tablet computer.<br \/>\n<a href=\"https:\/\/www.igi-global.com\/article\/are-we-there-yet\/160140\" target=\"_blank\" rel=\"noreferrer noopener\" aria-label=\"International Journal of E-Adoption (IJEA). 8(1), 35-49 (opens in a new tab)\"><em>International Journal of E-Adoption (IJEA).<\/em> 8(1), 35-49<\/a><\/li>\n<li><strong>Asunka, S.<\/strong> (2013). The viability of E-textbooks in developing countries: Ghanaian university students&#8217; perceptions.<br \/>\n<a href=\"https:\/\/www.tandfonline.com\/doi\/full\/10.1080\/02680513.2013.796285\" target=\"_blank\" rel=\"noopener\"><em>Open Learning: The Journal of Open and Distance Learning<\/em>. 28(1), 36-50<\/a><\/li>\n<li><strong>Asunka, S.<\/strong> (2012). Identifying and addressing cultural barriers to faculty adoption and use of a Learning Management System in a Ghanaian university: A participatory action research approach.<br \/>\n<a href=\"https:\/\/www.igi-global.com\/article\/identifying-addressing-cultural-barriers-faculty\/78540\" target=\"_blank\" rel=\"noopener\"><em>International Journal of Web-Based Learning and Teaching Technologies<\/em> (IJWLTT) 7(4), 13-28<\/a><\/li>\n<li><strong>Asunka, S.<\/strong> (2011) Helping students avoid plagiarism in online courses: A design-based research approach.<br \/>\n<a href=\"https:\/\/www.igi-global.com\/article\/helping-students-avoid-plagiarism-online\/62638\" target=\"_blank\" rel=\"noopener\"><em>International Journal of Cyber Ethics in Education<\/em>, 1(4), 42-60<\/a>.<\/li>\n<li><strong>Asunka, S.<\/strong> (2011) Collaborative online learning in non-formal education settings in the developing world:<br \/>\nA best practice framework. <a href=\"https:\/\/www.igi-global.com\/article\/collaborative-online-learning-non-formal\/59704\" target=\"_blank\" rel=\"noopener\"><em>International Journal of Adult Vocational Education and Technology<\/em> (IJAVET), 2(4), 43-57<\/a><\/li>\n<li><strong>Asunka, S.<\/strong>, Chae, H. S., &amp; Natriello, G. (2011). Towards an understanding of the use of an institutional repository with integrated social networking tools: A case study of PocketKnowledge. <a href=\"https:\/\/www.sciencedirect.com\/science\/article\/abs\/pii\/S074081881000109X\" target=\"_blank\" rel=\"noopener\"><em>Library &amp; Information Science Research<\/em>, 33(1), 80-88.<\/a><\/li>\n<li>Yuan. T., Crowley. J., <strong>Asunka. S.<\/strong>, Chae. H. S., &amp; Natriello. G. (2010) &#8220;Build it and they will come?&#8221;<br \/>\nA case study of the use of a wiki in a higher education research unit.<br \/>\n<a href=\"https:\/\/online-journals.org\/index.php\/i-jac\/article\/view\/1384\" target=\"_blank\" rel=\"noopener\"><em>International Journal of Advanced Corporate Learning<\/em> (iJAC), 3(3), 39-44.<\/a><\/li>\n<li><strong>Asunka, S<\/strong>., &amp; Chae, H. S. (2009). Strategies for teaching online courses within the Sub-Saharan African context: An instructor&#8217;s recommendations.<br \/>\n<a href=\"http:\/\/jolt.merlot.org\/vol5no2\/asunka_0609.htm\" target=\"_blank\" rel=\"noopener\"><em>MERLOT Journal of Online Learning and Teaching<\/em>, 5 (2), 372-379.<\/a><\/li>\n<li><strong>Asunka, S<\/strong>., Chae, H. S., Hughes, B., &amp; Natriello, G. (2009). Understanding academic information seeking habits through analysis of web server log files. The case of the Teachers College library website.<br \/>\n<a href=\"https:\/\/www.sciencedirect.com\/science\/article\/abs\/pii\/S009913330800195X\" target=\"_blank\" rel=\"noopener\"><em>Journal of Academic Librarianship<\/em>, 35 (1), 33-45.<\/a><\/li>\n<li><strong>Asunka, S.<\/strong> (2008). Online learning in higher education in Sub-Saharan Africa: Ghanaian university students&#8217; experiences and perceptions.<br \/>\n<a href=\"http:\/\/www.irrodl.org\/index.php\/irrodl\/article\/view\/586\" target=\"_blank\" rel=\"noopener\"><em>The International Review of Research in Open and Distance Learning<\/em>, 9 (3), 1-23.<\/a><\/li>\n<li><strong>Asunka, S<\/strong>., Addae-Mensah, I., Waibel, R., Oppong, I. V. &amp; Achenbach, H. (1996). The Dichapetalins: A new class of triterpenoids.<br \/>\n<a href=\"https:\/\/www.sciencedirect.com\/science\/article\/abs\/pii\/0031942296003500\" target=\"_blank\" rel=\"noopener\"><em>Phytochemistry<\/em>, 43(3), 649-656.<\/a><\/li>\n<li>Achenbach, H., <strong>Asunka, S.<\/strong>, Waibel, R., Addae-Mensah, I. &amp; Oppong, I. V. (1995). Dichapetalin A, a novel plant constituent from <em>Dichapetalum madagascariense<\/em> with potential antineoplastic activity. <a href=\"https:\/\/www.tandfonline.com\/doi\/abs\/10.1080\/10575639508043195\" target=\"_blank\" rel=\"noopener\"><em>Natural Product Letters<\/em>, 7(2), 93-100<\/a><\/li>\n<\/ol>\n\t<h5><strong>Book Chapters<\/strong><\/h5>\n<ol>\n<li>Di Virgilio, F., &amp; <strong>Asunka, S.<\/strong> (2019). Social media for knowledge sharing in a higher education institution in the Sub-Saharan African context. In Mercurio, L., &amp; Stachowicz-Stanusch, A. (Eds). <em><a href=\"https:\/\/www.infoagepub.com\/products\/The-Social-Issue-in-Contemporary-Society\" target=\"_blank\" rel=\"noopener\">The social issue in contemporary society: Relations between companies, public administrations and people<\/a>.<\/em> (pp. 155-177). Charlotte, NC. Information Age Publishing.<\/li>\n<li><strong>Asunka, S.<\/strong> (2017). Use of social media for knowledge sharing by instructors in a higher education institution: An exploratory case study. In F. Di Virgilio (Ed.), <em><a href=\"https:\/\/www.igi-global.com\/chapter\/use-of-social-media-for-knowledge-sharing-by-instructors-in-a-higher-education-institution\/185900\" target=\"_blank\" rel=\"noopener\">Social Media for Knowledge Management Applications in Modern Organizations<\/a>.<\/em> (pp. 116-143). Hershey, PA. IGI-Global<\/li>\n<li><strong>Asunka, S.<\/strong> (2016). Instructor perceptions and intentions to use a tablet PC for mobile learning in a Ghanaian University: An exploratory case study. In Briz-Ponce, L., Juanes-M\u00e9ndez, J. A., &amp; Garc\u00eda-Pe\u00f1alvo, F. J. (Eds). <a href=\"https:\/\/www.igi-global.com\/chapter\/instructor-perceptions-and-intentions-to-use-a-tablet-pc-for-mobile-learning-in-a-ghanaian-university\/159388\" target=\"_blank\" rel=\"noopener\"><em>Handbook of Research on Mobile Devices and Applications in Higher Education Settings.<\/em><\/a> (pp. 495-517). Hershey, PA: IGI-Global. DOI: 10.4018\/978-1-5225-0256-2.ch021<\/li>\n<li><strong>Asunka, S<\/strong>. (2016). Using the WebQuest approach to elicit student engagement in a university course: A case study. In Pinheiro, M., &amp; Sim\u00f5es, D. (Eds). <a href=\"https:\/\/www.igi-global.com\/chapter\/using-the-webquest-approach-to-elicit-student-engagement-in-a-university-course\/148543\" target=\"_blank\" rel=\"noopener\"><em>Handbook of Research on Engaging Digital Natives in Higher Education Settings.<\/em><\/a> (pp. 304-325). Hershey, PA: IGI Global<\/li>\n<li><strong>Asunka, S.<\/strong> (2013). Digitize or Perish: Strategies for improving access to indigenous intellectual resources in Sub-Saharan Africa. In Al-Suqri, M. N., Lillard, L.L. &amp; Al-Saleem, N (Eds). <em><a href=\"https:\/\/www.igi-global.com\/chapter\/digitize-perish-strategies-improving-access\/77513\" target=\"_blank\" rel=\"noopener\">Information Access and Library User Needs in Developing Countries<\/a>.<\/em> (pp. 160-177). Hershey, PA. IGI-Global doi:10.4018\/978-1-4666-4353-6<\/li>\n<li><strong>Asunka, S.<\/strong> (2013). Overcoming barriers to faculty adoption of a Learning Management System: The case of Regent University College in Ghana. In Ritzhaupt, A. D., Kumar, S. (Eds). <a href=\"https:\/\/www.igi-global.com\/chapter\/overcoming-barriers-instructor-adoption-learning\/75275\" target=\"_blank\" rel=\"noopener\"><em>Cases on Educational Technology Implementation for Facilitating Learning<\/em><\/a> (pp. 239-252). Hershey, PA. IGI-Global<\/li>\n<\/ol>\n\t<h5><strong>\u00a0 Published Conference Proceedings<\/strong><\/h5>\n<ol>\n<li><strong>Asunka, S.<\/strong> &amp; Freeman, E. (2019). Students&#8217; access, use and perceptions of learner support services provided in a higher education blended learning environment: An exploratory case study. <a href=\"https:\/\/ieeexplore.ieee.org\/document\/9150187\" target=\"_blank\" rel=\"noopener\"><em>Proceedings of the 2019 International Conference on Communications, Signal Processing and Networks (ICCSPN)<\/em><\/a>. Accra, Ghana. May 29-31. (pp. 1-6), doi: 10.1109\/ICCSPN46366.2019.9150187.<\/li>\n<li><strong>Asunka, S<\/strong>., Freeman, E., &amp; Sheeta Arthur, L. (2018). Implementing constructivist pedagogy in a flipped mode in a postgraduate course.<br \/>\n<a href=\"https:\/\/library.iated.org\/view\/ASUNKA2018IMP\" target=\"_blank\" rel=\"noopener\"><em>Proceedings of the 11th Annual International Conference of Education, Research and Innovation (ICERI 2018)<\/em><\/a>. Seville, Spain. November 12-14 (pp. 3301-3309)<\/li>\n<li>Freeman, E., <strong>Asunka, S.<\/strong>, &amp; Sheeta Arthur, L. (2018). Technology-enhanced teaching: An approach to improve activity-based learning for instructing computer programming within a blended learning environment.<br \/>\n<a href=\"https:\/\/library.iated.org\/view\/FREEMAN2018TEC\" target=\"_blank\" rel=\"noopener\"><em>Proceedings of the 11th Annual International Conference of Education, Research and Innovation (ICERI 2018)<\/em><\/a>. Seville, Spain. November 12-14 (p. 3851).<\/li>\n<li>Adjin, D., Bekyieriya, E. &amp; <strong>Asunka, S<\/strong> (2017). Evaluating the impact of Information and Communication Technology on teaching and learning in health training institutions in Ghana.<br \/>\n<a href=\"https:\/\/library.iated.org\/view\/ADJIN2017EVA\" target=\"_blank\" rel=\"noopener\"><em>Proceedings of the 9th International Conference on Education and New Learning Technologies (EDULEARN 2017<\/em><\/a>), Barcelona, Spain. July 3-5 (pp. 8034-8040).<\/li>\n<li><strong>Asunka, S<\/strong>., Kyei-Baffour, M., &amp; Asare, L. (2016). Transforming pedagogy with technology: A longitudinal analysis of instructional practices on a university online Learning Management System.<br \/>\n<a href=\"http:\/\/www.incedi.org\/wp-content\/uploads\/2016\/11\/TRANSFORMING-PEDAGOGY-WITH-TECHNOLOGY-A-LONGITUDINAL-ANALYSIS-OF-INSTRUCTIONAL-PRACTICES-ON-A-UNIVERSITY-ONLINE-LEARNING-MANAGEMENT-SYSTEM-ASUNKA-S.-KYEI-BAFFOUR-M.-ASARE-L..pdf\" target=\"_blank\" rel=\"noopener\"><em>Proceedings of the International Conference on Education, Development &amp; Innovation (INCEDI 2016)<\/em><\/a>. Accra, Ghana. August 28 &#8211; 30 (pp. 356-370).<\/li>\n<li><strong>Asunka, S<\/strong>., Okwabi Adjin, D. N. (2016). Implementing blended learning in a graduate course in a Ghanaian university: A practical experience.<br \/>\n<a href=\"https:\/\/library.iated.org\/view\/ASUNKA2016IMP\" target=\"_blank\" rel=\"noopener\"><em>Proceedings of the 8th International Conference on Education and New Learning Technologies (EDULEARN 2016)<\/em><\/a>. Barcelona, Spain. July 4-6, (pp. 697-703).<\/li>\n<li><strong>Asunka, S<\/strong>., Okwabi Adjin, D. N. (2015). Faculty adoption and use of educational technologies in Ghanaian higher education: A case study of the Ghana Technology University College.<br \/>\n<a href=\"https:\/\/library.iated.org\/view\/ASUNKA2015FAC\" target=\"_blank\" rel=\"noopener\"><em>Proceedings of the 7th International Conference on Education and New Learning Technologies (EDULEARN 2015<\/em><\/a>). Barcelona, Spain, July 6-8 (pp. 5536-5542).<\/li>\n<li><strong>Asunka, S<\/strong>., Okwabi Adjin, D. N. (2015). Mobile learning in Ghanaian higher education: Students&#8217; perceptions, opinions and expectations.<br \/>\n<a href=\"https:\/\/library.iated.org\/view\/ASUNKA2015MOB\" target=\"_blank\" rel=\"noopener\"><em>Proceedings of the 7th International Conference on Education and New Learning Technologies (EDULEARN 2015)<\/em><\/a>. Barcelona, Spain, July 6-8 (pp. 3056-3056).<\/li>\n<li>Okwabi Adjin, D. N, Aidoo, E., <strong>Asunka, S.<\/strong> (2015). Developing students&#8217; information management system for higher learning: A case study in educational institutions in Ghana.<br \/>\n<a href=\"https:\/\/library.iated.org\/view\/ADJIN2015DEV\" target=\"_blank\" rel=\"noopener\"><em>Proceedings of the 7th International Conference on Education and New Learning Technologies (EDULEARN 2015)<\/em><\/a>. Barcelona, Spain, July 6-8 (pp. 6642-6649).<\/li>\n<li><strong>Asunka, S.<\/strong> (2015). Blend or Flip: An assessment of graduate students&#8217; preferences for technology-enabled learning initiatives within the Sub-Saharan African context.<br \/>\n<em><a href=\"https:\/\/library.iated.org\/view\/ASUNKA2015BLE\" target=\"_blank\" rel=\"noopener\">Proceedings of the 9th International Technology, Education and Development Conference (INTED2015<\/a><\/em>). Madrid, Spain. March 2-4 (pp. 3767-3775).<\/li>\n<li><strong>Asunka, S.<\/strong>, Okwabi Adjin, D. N. (2014). Assessing instructor acceptance and use of a tablet PC, and implications for mobile learning adoption in Ghanaian higher education.<br \/>\n<em><a href=\"https:\/\/library.iated.org\/view\/ASUNKA2014ASS\" target=\"_blank\" rel=\"noopener\">Proceedings of the 7th International Conference of Education, Research and Innovation (ICERI2014)<\/a><\/em>, pp. 3412-3421.<\/li>\n<li>Yuan, T., Natriello, G., <strong>Asunka, S<\/strong>., Crowley, J., &amp; Chae, H. S. (2010). An analysis of the use of blogging to solicit feedback in an education research unit. <a href=\"http:\/\/toc.proceedings.com\/09394webtoc.pdf\" target=\"_blank\" rel=\"noopener\"><em>Proceedings of the International Conference on E-Learning at the Workplace (ICELW)<\/em><\/a>, New York, NY, June, 9-11 (pp. 1-7).<\/li>\n<li>Agnitti, J., <strong>Asunka, S<\/strong>., Chae, H. S., &amp; Mezei, J. (2009). Adaptive Learning Environments: A framework for technology-enabled adaptive instructional practices in formal education.<br \/>\n<em>Proceedings of the Teachers College Educational Technology Conference: Technology, Media and Designs for Learning<\/em>, New York, May, 10-11<\/li>\n<li>Mentor, M., Strome, E., <strong>Asunka, S<\/strong>., Agnitti, G., &amp; Natriello, G. (2008). Early returns on an institutional repository: An exploration of the validity and functionality of PocketknowledgeTM.<br \/>\n<a href=\"https:\/\/www.jcdl.org\/archived-conf-sites\/jcdl2008\/posters.html\" target=\"_blank\" rel=\"noopener\"><em>Proceedings of the ACM\/IEEE Joint Conference on Digital Libraries (JCDL)<\/em><\/a>, Pittsburgh, PA, June 16-20 (p. 459).<\/li>\n<\/ol>\n\n","protected":false},"excerpt":{"rendered":"<p>Publications \u00a0 Articles in Refereed Journals Agyekum, P. K., Kumar, K. S., &amp; Asunka, S. (2022). Evaluating Higher Education Curriculum Framework and Inhibitions for Entrepreneurial Intentions. Journal of Higher Education Theory and Practice, 22(13). https:\/\/doi.org\/10.33423\/jhetp.v22i13.5509 Tabiri, M.O., Jones-Mensah, I., Fenyi, <a href=\"https:\/\/stephenasunka.info\/mysite\/publications\/\" class=\"read-more\">Read More &#8230;<\/a><\/p>\n","protected":false},"author":1,"featured_media":0,"parent":0,"menu_order":0,"comment_status":"closed","ping_status":"closed","template":"","meta":{"nf_dc_page":"","om_disable_all_campaigns":true,"footnotes":""},"class_list":["post-50","page","type-page","status-publish","hentry"],"jetpack_sharing_enabled":true,"_links":{"self":[{"href":"https:\/\/stephenasunka.info\/mysite\/wp-json\/wp\/v2\/pages\/50","targetHints":{"allow":["GET"]}}],"collection":[{"href":"https:\/\/stephenasunka.info\/mysite\/wp-json\/wp\/v2\/pages"}],"about":[{"href":"https:\/\/stephenasunka.info\/mysite\/wp-json\/wp\/v2\/types\/page"}],"author":[{"embeddable":true,"href":"https:\/\/stephenasunka.info\/mysite\/wp-json\/wp\/v2\/users\/1"}],"replies":[{"embeddable":true,"href":"https:\/\/stephenasunka.info\/mysite\/wp-json\/wp\/v2\/comments?post=50"}],"version-history":[{"count":4,"href":"https:\/\/stephenasunka.info\/mysite\/wp-json\/wp\/v2\/pages\/50\/revisions"}],"predecessor-version":[{"id":202,"href":"https:\/\/stephenasunka.info\/mysite\/wp-json\/wp\/v2\/pages\/50\/revisions\/202"}],"wp:attachment":[{"href":"https:\/\/stephenasunka.info\/mysite\/wp-json\/wp\/v2\/media?parent=50"}],"curies":[{"name":"wp","href":"https:\/\/api.w.org\/{rel}","templated":true}]}}